{"id":434,"date":"2023-04-22T16:34:29","date_gmt":"2023-04-22T14:34:29","guid":{"rendered":"https:\/\/cie-comtedetoulouse.fr\/home\/"},"modified":"2024-01-17T14:07:42","modified_gmt":"2024-01-17T13:07:42","slug":"home","status":"publish","type":"page","link":"https:\/\/cie-comtedetoulouse.fr\/en\/","title":{"rendered":"Home"},"content":{"rendered":"<div class=\"wpb-content-wrapper\"><p>[vc_row padding_top_multiplier=&#8221;3x&#8221; padding_bottom_multiplier=&#8221;3x&#8221; columns_gap=&#8221;30&#8243; equal_column_height=&#8221;equal&#8221; section_id=&#8221;intro&#8221;][vc_column content_width=&#8221;75&#8243; horizontal_content_position=&#8221;center&#8221; vertical_content_position=&#8221;middle&#8221; tablet_sm_content_width=&#8221;90&#8243; mobile_content_width=&#8221;100&#8243;]<h3 class=\"grve-element grve-title grve-align-inherit grve-h3\" style=\"margin-bottom: 40px;\"><span>Hear ye, hear ye, good people, ladies and gentlemen!<\/span><\/h3><div class=\"grve-element grve-dropcap\"><p><span class=\"grve-style-1 grve-text-primary-1\">I<\/span><\/p><\/div>[vc_column_text css=&#8221;.vc_custom_1684075407234{margin-bottom: 30px !important;}&#8221;]n 1065, Raymond IV inherited the County of Toulouse and quickly turned it into a territorial powerhouse. In the 12th century, the county of Toulouse reached its military and cultural apogee, to such an extent that in 1271 the King of France took fright and had the county annexed to the Kingdom of France.<\/p>\n<p>This is the period of history that we have chosen to freely adapt and that we invite you to discover through our shows and immersive activities.<\/p>\n<p><strong>Enter the colourful, festive and magical world of the Compagnie du Comt\u00e9 de Toulouse.<\/strong>[\/vc_column_text]<div class=\"grve-empty-space grve-height-1x\"><\/div><div class=\"grve-element grve-button-group grve-align-left grve-space-30\" style=\"margin-bottom: 30px;\" id=\"el-1683699560001-d93f5ed5-a867\">\r\n<div class=\"grve-element grve-align-inherit\"><a href=\"https:\/\/cie-comtedetoulouse.fr\/en\/about-us\/\" title=\"About us\" class=\"grve-btn grve-extra-round grve-bg-primary-1 grve-border-primary-1 grve-bg-hover-black grve-border-hover-black grve-pulse grve-text-white grve-text-hover-white grve-shadow-medium grve-btn-medium\">\r\n\t\t<span>About us<\/span>\r\n\t\t\t\t\t\t\t<\/a><\/div><div class=\"grve-element grve-align-inherit\"><a href=\"https:\/\/cie-comtedetoulouse.fr\/en\/our-services\/\" title=\"Our services\" class=\"grve-btn grve-extra-round grve-bg-primary-1 grve-border-primary-1 grve-bg-hover-black grve-border-hover-black grve-pulse grve-text-white grve-text-hover-white grve-shadow-medium grve-btn-medium\">\r\n\t\t<span>Our services<\/span>\r\n\t\t\t\t\t\t\t<\/a><\/div><\/div>\r\n[\/vc_column][\/vc_row][vc_row padding_top_multiplier=&#8221;4x&#8221; padding_bottom_multiplier=&#8221;4x&#8221; rc_heading_color=&#8221;white&#8221; rc_bg_type=&#8221;image&#8221; rc_bg_image=&#8221;759&#8243; rc_bg_image_type=&#8221;fixed&#8221; rc_bg_color_overlay=&#8221;black&#8221; separator_top_color=&#8221;#000000&#8243; rc_bg_color=&#8221;#000000&#8243; rc_font_color=&#8221;#ffffff&#8221;][vc_column width=&#8221;1\/2&#8243; tablet_width=&#8221;2-3&#8243;]<div class=\"grve-element grve-single-icon grve-align-inherit grve-medium\"><div class=\"grve-wrapper-icon grve-circle grve-outline grve-with-shape grve-border-white grve-loop-animation-1 grve-text-primary-1\"><a href=\"https:\/\/youtu.be\/aiEUOJi7xyA\" class=\"grve-video-popup\">\t\t\t\t<svg width=\"24px\" height=\"24px\" viewBox=\"0 0 24 24\" stroke-width=\"0\">\r\n\t\t\t\t\t<polygon points=\"19 12 7 20 7 4\"><\/polygon>\r\n\t\t\t\t<\/svg>\r\n\t\t\t<\/a><div class=\"grve-pulse-bg\"><\/div><\/div><\/div><div class=\"grve-empty-space grve-height-1x\"><\/div><h3 class=\"grve-element grve-title grve-align-inherit grve-subtitle-text\" style=\"margin-bottom: 30px;\"><span>Watch the teaser<\/span><\/h3><h4 class=\"grve-element grve-title grve-align-inherit grve-h4\"><span>Take a look at some of our shows and events on video.<\/span><\/h4>[\/vc_column][vc_column width=&#8221;1\/2&#8243; tablet_width=&#8221;1-3&#8243;][\/vc_column][\/vc_row][vc_row padding_top_multiplier=&#8221;3x&#8221; padding_bottom_multiplier=&#8221;3x&#8221;][vc_column width=&#8221;1\/2&#8243; tablet_width=&#8221;7-12&#8243; tablet_sm_width=&#8221;2-3&#8243;]<div class=\"grve-element grve-box-icon grve-large grve-side-icon grve-align-left grve-vertical-align-middle grve-layout-2\"><div class=\"grve-wrapper-icon\" style=\"\"><div id=\"grve-svg-69daf1400835e\" data-file=\"https:\/\/cie-comtedetoulouse.fr\/wp-content\/uploads\/2023\/05\/np_trumpet_5043200_000000.svg\" class=\"grve-box-icon grve-custom-svg-icon grve-text-primary-1\"><\/div><\/div><div class=\"grve-box-content\"><h3 class=\"grve-box-title grve-h3\">Upcoming dates<\/h3><\/div><\/div>[\/vc_column][vc_column width=&#8221;1\/2&#8243; vertical_content_position=&#8221;bottom&#8221; text_align=&#8221;right&#8221; tablet_width=&#8221;5-12&#8243; tablet_sm_width=&#8221;1-3&#8243; mobile_text_align=&#8221;left&#8221;]<div class=\"grve-element grve-align-inherit\" style=\"margin-bottom: 32px;\"><a href=\"https:\/\/cie-comtedetoulouse.fr\/en\/agenda\/\" title=\"Agenda\" class=\"grve-btn grve-extra-round grve-bg-primary-1 grve-border-primary-1 grve-bg-hover-black grve-border-hover-black grve-pulse grve-text-white grve-text-hover-white grve-shadow-medium grve-btn-medium grve-with-svg-icon-arrow-2\">\r\n\t\t<div class=\"grve-btn-inner\">\r\n\t\t<span>All dates<\/span>\r\n\t\t\t\t\t\t\t<div class=\"grve-btn-svg-icon\">\r\n\t\t\t\t\t\t\t<svg width=\"40px\" height=\"16px\" viewBox=\"0 0 40 16\">\r\n\t\t\t\t\t<polygon class=\"grve-arrow-line\" points=\"0 7 38 7 38 9 0 9\"><\/polygon>\r\n\t\t\t\t\t<polygon class=\"grve-arrow-point\" points=\"31.3481912 0 40 8 31.3481912 16 30 14.5816219 37.1 8 30 1.41837809\"><\/polygon>\r\n\t\t\t\t<\/svg>\r\n\t\t\t\t\t\t\t\t<\/div>\r\n\t\t\t\t\t<\/div>\r\n\t<\/a><\/div>[\/vc_column][vc_column mobile_width=&#8221;hide&#8221;]<div class=\"grve-empty-space grve-height-2x\"><\/div>[\/vc_column][vc_column][vc_column_text]<div id=\"vsel\" class=\"vsel-shortcode vsel-shortcode-upcoming-events\"><p class=\"vsel-no-events\">No events are found.<\/p><\/div>[\/vc_column_text][\/vc_column][\/vc_row]<\/p>\n<\/div>","protected":false},"excerpt":{"rendered":"<p>[vc_row padding_top_multiplier=&#8221;3x&#8221; padding_bottom_multiplier=&#8221;3x&#8221; columns_gap=&#8221;30&#8243; equal_column_height=&#8221;equal&#8221; section_id=&#8221;intro&#8221;][vc_column content_width=&#8221;75&#8243; horizontal_content_position=&#8221;center&#8221; vertical_content_position=&#8221;middle&#8221; tablet_sm_content_width=&#8221;90&#8243; mobile_content_width=&#8221;100&#8243;][vc_column_text css=&#8221;.vc_custom_1684075407234{margin-bottom: 30px !important;}&#8221;]n 1065, Raymond IV inherited the County of Toulouse and quickly turned it into a territorial powerhouse. In the 12th century, the county of Toulouse reached its military and cultural apogee, to such an extent that in 1271 the King of France [&hellip;]<\/p>\n","protected":false},"author":1,"featured_media":0,"parent":0,"menu_order":0,"comment_status":"closed","ping_status":"closed","template":"","meta":{"footnotes":""},"class_list":["post-434","page","type-page","status-publish","hentry","grve-entry-item"],"yoast_head":"<!-- This site is optimized with the Yoast SEO plugin v26.9 - https:\/\/yoast.com\/product\/yoast-seo-wordpress\/ -->\n<title>La Compagnie du Comt\u00e9 de Toulouse - Medieval shows<\/title>\n<meta name=\"description\" content=\"Enter the colourful, festive and magical world of the Compagnie du Comt\u00e9 de Toulouse. Medieval combats, live performances and workshops.\" \/>\n<meta name=\"robots\" content=\"index, follow, max-snippet:-1, max-image-preview:large, max-video-preview:-1\" \/>\n<link rel=\"canonical\" href=\"https:\/\/cie-comtedetoulouse.fr\/en\/home\/\" \/>\n<meta property=\"og:locale\" content=\"en_US\" \/>\n<meta property=\"og:type\" content=\"article\" \/>\n<meta property=\"og:title\" content=\"La Compagnie du Comt\u00e9 de Toulouse - Medieval shows\" \/>\n<meta property=\"og:description\" content=\"Enter the colourful, festive and magical world of the Compagnie du Comt\u00e9 de Toulouse. Medieval combats, live performances and workshops.\" \/>\n<meta property=\"og:url\" content=\"https:\/\/cie-comtedetoulouse.fr\/en\/home\/\" \/>\n<meta property=\"og:site_name\" content=\"La Compagnie du Comt\u00e9 de Toulouse\" \/>\n<meta property=\"article:publisher\" content=\"https:\/\/www.facebook.com\/Compagnieducomtedetoulouse?locale=fr_FR\" \/>\n<meta property=\"article:modified_time\" content=\"2024-01-17T13:07:42+00:00\" \/>\n<meta property=\"og:image\" content=\"https:\/\/cie-comtedetoulouse.fr\/wp-content\/uploads\/2023\/07\/casques.jpg\" \/>\n\t<meta property=\"og:image:width\" content=\"2100\" \/>\n\t<meta property=\"og:image:height\" content=\"1181\" \/>\n\t<meta property=\"og:image:type\" content=\"image\/jpeg\" \/>\n<meta name=\"twitter:card\" content=\"summary_large_image\" \/>\n<script type=\"application\/ld+json\" class=\"yoast-schema-graph\">{\"@context\":\"https:\/\/schema.org\",\"@graph\":[{\"@type\":\"WebPage\",\"@id\":\"https:\/\/cie-comtedetoulouse.fr\/en\/home\/\",\"url\":\"https:\/\/cie-comtedetoulouse.fr\/en\/home\/\",\"name\":\"La Compagnie du Comt\u00e9 de Toulouse - Medieval shows\",\"isPartOf\":{\"@id\":\"https:\/\/cie-comtedetoulouse.fr\/#website\"},\"datePublished\":\"2023-04-22T14:34:29+00:00\",\"dateModified\":\"2024-01-17T13:07:42+00:00\",\"description\":\"Enter the colourful, festive and magical world of the Compagnie du Comt\u00e9 de Toulouse. Medieval combats, live performances and workshops.\",\"breadcrumb\":{\"@id\":\"https:\/\/cie-comtedetoulouse.fr\/en\/home\/#breadcrumb\"},\"inLanguage\":\"en-US\",\"potentialAction\":[{\"@type\":\"ReadAction\",\"target\":[\"https:\/\/cie-comtedetoulouse.fr\/en\/home\/\"]}]},{\"@type\":\"BreadcrumbList\",\"@id\":\"https:\/\/cie-comtedetoulouse.fr\/en\/home\/#breadcrumb\",\"itemListElement\":[{\"@type\":\"ListItem\",\"position\":1,\"name\":\"Accueil\",\"item\":\"https:\/\/cie-comtedetoulouse.fr\/en\/home\/\"},{\"@type\":\"ListItem\",\"position\":2,\"name\":\"Home\"}]},{\"@type\":\"WebSite\",\"@id\":\"https:\/\/cie-comtedetoulouse.fr\/#website\",\"url\":\"https:\/\/cie-comtedetoulouse.fr\/\",\"name\":\"La Compagnie du Comt\u00e9 de Toulouse\",\"description\":\"Combats m\u00e9di\u00e9vaux, animations, spectacles\",\"publisher\":{\"@id\":\"https:\/\/cie-comtedetoulouse.fr\/#organization\"},\"potentialAction\":[{\"@type\":\"SearchAction\",\"target\":{\"@type\":\"EntryPoint\",\"urlTemplate\":\"https:\/\/cie-comtedetoulouse.fr\/?s={search_term_string}\"},\"query-input\":{\"@type\":\"PropertyValueSpecification\",\"valueRequired\":true,\"valueName\":\"search_term_string\"}}],\"inLanguage\":\"en-US\"},{\"@type\":\"Organization\",\"@id\":\"https:\/\/cie-comtedetoulouse.fr\/#organization\",\"name\":\"La Compagnie du Comt\u00e9 de Toulouse\",\"url\":\"https:\/\/cie-comtedetoulouse.fr\/\",\"logo\":{\"@type\":\"ImageObject\",\"inLanguage\":\"en-US\",\"@id\":\"https:\/\/cie-comtedetoulouse.fr\/#\/schema\/logo\/image\/\",\"url\":\"https:\/\/cie-comtedetoulouse.fr\/wp-content\/uploads\/2023\/05\/compagnie-du-comte-de-toulouse-logo-1-dark.png\",\"contentUrl\":\"https:\/\/cie-comtedetoulouse.fr\/wp-content\/uploads\/2023\/05\/compagnie-du-comte-de-toulouse-logo-1-dark.png\",\"width\":887,\"height\":422,\"caption\":\"La Compagnie du Comt\u00e9 de Toulouse\"},\"image\":{\"@id\":\"https:\/\/cie-comtedetoulouse.fr\/#\/schema\/logo\/image\/\"},\"sameAs\":[\"https:\/\/www.facebook.com\/Compagnieducomtedetoulouse?locale=fr_FR\",\"https:\/\/www.instagram.com\/cieducomtedetoulouse\/\"]}]}<\/script>\n<!-- \/ Yoast SEO plugin. -->","yoast_head_json":{"title":"La Compagnie du Comt\u00e9 de Toulouse - Medieval shows","description":"Enter the colourful, festive and magical world of the Compagnie du Comt\u00e9 de Toulouse. Medieval combats, live performances and workshops.","robots":{"index":"index","follow":"follow","max-snippet":"max-snippet:-1","max-image-preview":"max-image-preview:large","max-video-preview":"max-video-preview:-1"},"canonical":"https:\/\/cie-comtedetoulouse.fr\/en\/home\/","og_locale":"en_US","og_type":"article","og_title":"La Compagnie du Comt\u00e9 de Toulouse - Medieval shows","og_description":"Enter the colourful, festive and magical world of the Compagnie du Comt\u00e9 de Toulouse. Medieval combats, live performances and workshops.","og_url":"https:\/\/cie-comtedetoulouse.fr\/en\/home\/","og_site_name":"La Compagnie du Comt\u00e9 de Toulouse","article_publisher":"https:\/\/www.facebook.com\/Compagnieducomtedetoulouse?locale=fr_FR","article_modified_time":"2024-01-17T13:07:42+00:00","og_image":[{"width":2100,"height":1181,"url":"https:\/\/cie-comtedetoulouse.fr\/wp-content\/uploads\/2023\/07\/casques.jpg","type":"image\/jpeg"}],"twitter_card":"summary_large_image","schema":{"@context":"https:\/\/schema.org","@graph":[{"@type":"WebPage","@id":"https:\/\/cie-comtedetoulouse.fr\/en\/home\/","url":"https:\/\/cie-comtedetoulouse.fr\/en\/home\/","name":"La Compagnie du Comt\u00e9 de Toulouse - Medieval shows","isPartOf":{"@id":"https:\/\/cie-comtedetoulouse.fr\/#website"},"datePublished":"2023-04-22T14:34:29+00:00","dateModified":"2024-01-17T13:07:42+00:00","description":"Enter the colourful, festive and magical world of the Compagnie du Comt\u00e9 de Toulouse. Medieval combats, live performances and workshops.","breadcrumb":{"@id":"https:\/\/cie-comtedetoulouse.fr\/en\/home\/#breadcrumb"},"inLanguage":"en-US","potentialAction":[{"@type":"ReadAction","target":["https:\/\/cie-comtedetoulouse.fr\/en\/home\/"]}]},{"@type":"BreadcrumbList","@id":"https:\/\/cie-comtedetoulouse.fr\/en\/home\/#breadcrumb","itemListElement":[{"@type":"ListItem","position":1,"name":"Accueil","item":"https:\/\/cie-comtedetoulouse.fr\/en\/home\/"},{"@type":"ListItem","position":2,"name":"Home"}]},{"@type":"WebSite","@id":"https:\/\/cie-comtedetoulouse.fr\/#website","url":"https:\/\/cie-comtedetoulouse.fr\/","name":"La Compagnie du Comt\u00e9 de Toulouse","description":"Combats m\u00e9di\u00e9vaux, animations, spectacles","publisher":{"@id":"https:\/\/cie-comtedetoulouse.fr\/#organization"},"potentialAction":[{"@type":"SearchAction","target":{"@type":"EntryPoint","urlTemplate":"https:\/\/cie-comtedetoulouse.fr\/?s={search_term_string}"},"query-input":{"@type":"PropertyValueSpecification","valueRequired":true,"valueName":"search_term_string"}}],"inLanguage":"en-US"},{"@type":"Organization","@id":"https:\/\/cie-comtedetoulouse.fr\/#organization","name":"La Compagnie du Comt\u00e9 de Toulouse","url":"https:\/\/cie-comtedetoulouse.fr\/","logo":{"@type":"ImageObject","inLanguage":"en-US","@id":"https:\/\/cie-comtedetoulouse.fr\/#\/schema\/logo\/image\/","url":"https:\/\/cie-comtedetoulouse.fr\/wp-content\/uploads\/2023\/05\/compagnie-du-comte-de-toulouse-logo-1-dark.png","contentUrl":"https:\/\/cie-comtedetoulouse.fr\/wp-content\/uploads\/2023\/05\/compagnie-du-comte-de-toulouse-logo-1-dark.png","width":887,"height":422,"caption":"La Compagnie du Comt\u00e9 de Toulouse"},"image":{"@id":"https:\/\/cie-comtedetoulouse.fr\/#\/schema\/logo\/image\/"},"sameAs":["https:\/\/www.facebook.com\/Compagnieducomtedetoulouse?locale=fr_FR","https:\/\/www.instagram.com\/cieducomtedetoulouse\/"]}]}},"_links":{"self":[{"href":"https:\/\/cie-comtedetoulouse.fr\/en\/wp-json\/wp\/v2\/pages\/434","targetHints":{"allow":["GET"]}}],"collection":[{"href":"https:\/\/cie-comtedetoulouse.fr\/en\/wp-json\/wp\/v2\/pages"}],"about":[{"href":"https:\/\/cie-comtedetoulouse.fr\/en\/wp-json\/wp\/v2\/types\/page"}],"author":[{"embeddable":true,"href":"https:\/\/cie-comtedetoulouse.fr\/en\/wp-json\/wp\/v2\/users\/1"}],"replies":[{"embeddable":true,"href":"https:\/\/cie-comtedetoulouse.fr\/en\/wp-json\/wp\/v2\/comments?post=434"}],"version-history":[{"count":25,"href":"https:\/\/cie-comtedetoulouse.fr\/en\/wp-json\/wp\/v2\/pages\/434\/revisions"}],"predecessor-version":[{"id":763,"href":"https:\/\/cie-comtedetoulouse.fr\/en\/wp-json\/wp\/v2\/pages\/434\/revisions\/763"}],"wp:attachment":[{"href":"https:\/\/cie-comtedetoulouse.fr\/en\/wp-json\/wp\/v2\/media?parent=434"}],"curies":[{"name":"wp","href":"https:\/\/api.w.org\/{rel}","templated":true}]}}