{"id":449,"date":"2023-06-29T09:37:56","date_gmt":"2023-06-29T07:37:56","guid":{"rendered":"https:\/\/cie-comtedetoulouse.fr\/legal-notice\/"},"modified":"2023-07-08T09:20:42","modified_gmt":"2023-07-08T07:20:42","slug":"legal-notice","status":"publish","type":"page","link":"https:\/\/cie-comtedetoulouse.fr\/en\/legal-notice\/","title":{"rendered":"Legal notice"},"content":{"rendered":"<div class=\"wpb-content-wrapper\"><p>[vc_row][vc_column][vc_column_text]<strong>Compagnie du Comt\u00e9 de Toulouse<\/strong><br \/>\nAssociation Loi 1901<br \/>\nSIRET 828 032 029 00013<\/p>\n<p>51 impasse du communal<br \/>\n82370 Nohic<\/p>\n<p><strong>Contact<\/strong><br \/>\ncontact@cie-comtedetoulouse.fr<\/p>\n<p><strong>Publication manager<br \/>\n<\/strong>Alain Vigier<\/p>\n<p><strong>Hosting<\/strong><br \/>\nOVH SAS<br \/>\n2 rue Kellermann<br \/>\nBP 80157<br \/>\n59053 Roubaix Cedex 1<\/p>\n<p><strong>Website creation<\/strong><br \/>\n<span style=\"text-decoration: underline;\"><a href=\"https:\/\/loicthisse.com\" target=\"_blank\" rel=\"noopener\">Lo\u00efc Thisse<\/a><\/span>[\/vc_column_text][\/vc_column][\/vc_row]<\/p>\n<\/div>","protected":false},"excerpt":{"rendered":"<p>[vc_row][vc_column][vc_column_text]Compagnie du Comt\u00e9 de Toulouse Association Loi 1901 SIRET 828 032 029 00013 51 impasse du communal 82370 Nohic Contact contact@cie-comtedetoulouse.fr Publication manager Alain Vigier Hosting OVH SAS 2 rue Kellermann BP 80157 59053 Roubaix Cedex 1 Website creation Lo\u00efc Thisse[\/vc_column_text][\/vc_column][\/vc_row]<\/p>\n","protected":false},"author":1,"featured_media":0,"parent":0,"menu_order":0,"comment_status":"closed","ping_status":"closed","template":"","meta":{"footnotes":""},"class_list":["post-449","page","type-page","status-publish","hentry","grve-entry-item"],"yoast_head":"<!-- This site is optimized with the Yoast SEO plugin v26.9 - https:\/\/yoast.com\/product\/yoast-seo-wordpress\/ -->\n<title>Legal notice - La Compagnie du Comt\u00e9 de Toulouse<\/title>\n<meta name=\"robots\" content=\"index, follow, max-snippet:-1, max-image-preview:large, max-video-preview:-1\" \/>\n<link rel=\"canonical\" href=\"https:\/\/cie-comtedetoulouse.fr\/en\/legal-notice\/\" \/>\n<meta property=\"og:locale\" content=\"en_US\" \/>\n<meta property=\"og:type\" content=\"article\" \/>\n<meta property=\"og:title\" content=\"Legal notice - La Compagnie du Comt\u00e9 de Toulouse\" \/>\n<meta property=\"og:description\" content=\"[vc_row][vc_column][vc_column_text]Compagnie du Comt\u00e9 de Toulouse Association Loi 1901 SIRET 828 032 029 00013 51 impasse du communal 82370 Nohic Contact contact@cie-comtedetoulouse.fr Publication manager Alain Vigier Hosting OVH SAS 2 rue Kellermann BP 80157 59053 Roubaix Cedex 1 Website creation Lo\u00efc Thisse[\/vc_column_text][\/vc_column][\/vc_row]\" \/>\n<meta property=\"og:url\" content=\"https:\/\/cie-comtedetoulouse.fr\/en\/legal-notice\/\" \/>\n<meta property=\"og:site_name\" content=\"La Compagnie du Comt\u00e9 de Toulouse\" \/>\n<meta property=\"article:publisher\" content=\"https:\/\/www.facebook.com\/Compagnieducomtedetoulouse?locale=fr_FR\" \/>\n<meta property=\"article:modified_time\" content=\"2023-07-08T07:20:42+00:00\" \/>\n<meta property=\"og:image\" content=\"https:\/\/cie-comtedetoulouse.fr\/wp-content\/uploads\/2023\/07\/casques.jpg\" \/>\n\t<meta property=\"og:image:width\" content=\"2100\" \/>\n\t<meta property=\"og:image:height\" content=\"1181\" \/>\n\t<meta property=\"og:image:type\" content=\"image\/jpeg\" \/>\n<meta name=\"twitter:card\" content=\"summary_large_image\" \/>\n<script type=\"application\/ld+json\" class=\"yoast-schema-graph\">{\"@context\":\"https:\/\/schema.org\",\"@graph\":[{\"@type\":\"WebPage\",\"@id\":\"https:\/\/cie-comtedetoulouse.fr\/en\/legal-notice\/\",\"url\":\"https:\/\/cie-comtedetoulouse.fr\/en\/legal-notice\/\",\"name\":\"Legal notice - La Compagnie du Comt\u00e9 de Toulouse\",\"isPartOf\":{\"@id\":\"https:\/\/cie-comtedetoulouse.fr\/#website\"},\"datePublished\":\"2023-06-29T07:37:56+00:00\",\"dateModified\":\"2023-07-08T07:20:42+00:00\",\"breadcrumb\":{\"@id\":\"https:\/\/cie-comtedetoulouse.fr\/en\/legal-notice\/#breadcrumb\"},\"inLanguage\":\"en-US\",\"potentialAction\":[{\"@type\":\"ReadAction\",\"target\":[\"https:\/\/cie-comtedetoulouse.fr\/en\/legal-notice\/\"]}]},{\"@type\":\"BreadcrumbList\",\"@id\":\"https:\/\/cie-comtedetoulouse.fr\/en\/legal-notice\/#breadcrumb\",\"itemListElement\":[{\"@type\":\"ListItem\",\"position\":1,\"name\":\"Accueil\",\"item\":\"https:\/\/cie-comtedetoulouse.fr\/en\/home\/\"},{\"@type\":\"ListItem\",\"position\":2,\"name\":\"Legal notice\"}]},{\"@type\":\"WebSite\",\"@id\":\"https:\/\/cie-comtedetoulouse.fr\/#website\",\"url\":\"https:\/\/cie-comtedetoulouse.fr\/\",\"name\":\"La Compagnie du Comt\u00e9 de Toulouse\",\"description\":\"Combats m\u00e9di\u00e9vaux, animations, spectacles\",\"publisher\":{\"@id\":\"https:\/\/cie-comtedetoulouse.fr\/#organization\"},\"potentialAction\":[{\"@type\":\"SearchAction\",\"target\":{\"@type\":\"EntryPoint\",\"urlTemplate\":\"https:\/\/cie-comtedetoulouse.fr\/?s={search_term_string}\"},\"query-input\":{\"@type\":\"PropertyValueSpecification\",\"valueRequired\":true,\"valueName\":\"search_term_string\"}}],\"inLanguage\":\"en-US\"},{\"@type\":\"Organization\",\"@id\":\"https:\/\/cie-comtedetoulouse.fr\/#organization\",\"name\":\"La Compagnie du Comt\u00e9 de Toulouse\",\"url\":\"https:\/\/cie-comtedetoulouse.fr\/\",\"logo\":{\"@type\":\"ImageObject\",\"inLanguage\":\"en-US\",\"@id\":\"https:\/\/cie-comtedetoulouse.fr\/#\/schema\/logo\/image\/\",\"url\":\"https:\/\/cie-comtedetoulouse.fr\/wp-content\/uploads\/2023\/05\/compagnie-du-comte-de-toulouse-logo-1-dark.png\",\"contentUrl\":\"https:\/\/cie-comtedetoulouse.fr\/wp-content\/uploads\/2023\/05\/compagnie-du-comte-de-toulouse-logo-1-dark.png\",\"width\":887,\"height\":422,\"caption\":\"La Compagnie du Comt\u00e9 de Toulouse\"},\"image\":{\"@id\":\"https:\/\/cie-comtedetoulouse.fr\/#\/schema\/logo\/image\/\"},\"sameAs\":[\"https:\/\/www.facebook.com\/Compagnieducomtedetoulouse?locale=fr_FR\",\"https:\/\/www.instagram.com\/cieducomtedetoulouse\/\"]}]}<\/script>\n<!-- \/ Yoast SEO plugin. -->","yoast_head_json":{"title":"Legal notice - La Compagnie du Comt\u00e9 de Toulouse","robots":{"index":"index","follow":"follow","max-snippet":"max-snippet:-1","max-image-preview":"max-image-preview:large","max-video-preview":"max-video-preview:-1"},"canonical":"https:\/\/cie-comtedetoulouse.fr\/en\/legal-notice\/","og_locale":"en_US","og_type":"article","og_title":"Legal notice - La Compagnie du Comt\u00e9 de Toulouse","og_description":"[vc_row][vc_column][vc_column_text]Compagnie du Comt\u00e9 de Toulouse Association Loi 1901 SIRET 828 032 029 00013 51 impasse du communal 82370 Nohic Contact contact@cie-comtedetoulouse.fr Publication manager Alain Vigier Hosting OVH SAS 2 rue Kellermann BP 80157 59053 Roubaix Cedex 1 Website creation Lo\u00efc Thisse[\/vc_column_text][\/vc_column][\/vc_row]","og_url":"https:\/\/cie-comtedetoulouse.fr\/en\/legal-notice\/","og_site_name":"La Compagnie du Comt\u00e9 de Toulouse","article_publisher":"https:\/\/www.facebook.com\/Compagnieducomtedetoulouse?locale=fr_FR","article_modified_time":"2023-07-08T07:20:42+00:00","og_image":[{"width":2100,"height":1181,"url":"https:\/\/cie-comtedetoulouse.fr\/wp-content\/uploads\/2023\/07\/casques.jpg","type":"image\/jpeg"}],"twitter_card":"summary_large_image","schema":{"@context":"https:\/\/schema.org","@graph":[{"@type":"WebPage","@id":"https:\/\/cie-comtedetoulouse.fr\/en\/legal-notice\/","url":"https:\/\/cie-comtedetoulouse.fr\/en\/legal-notice\/","name":"Legal notice - La Compagnie du Comt\u00e9 de Toulouse","isPartOf":{"@id":"https:\/\/cie-comtedetoulouse.fr\/#website"},"datePublished":"2023-06-29T07:37:56+00:00","dateModified":"2023-07-08T07:20:42+00:00","breadcrumb":{"@id":"https:\/\/cie-comtedetoulouse.fr\/en\/legal-notice\/#breadcrumb"},"inLanguage":"en-US","potentialAction":[{"@type":"ReadAction","target":["https:\/\/cie-comtedetoulouse.fr\/en\/legal-notice\/"]}]},{"@type":"BreadcrumbList","@id":"https:\/\/cie-comtedetoulouse.fr\/en\/legal-notice\/#breadcrumb","itemListElement":[{"@type":"ListItem","position":1,"name":"Accueil","item":"https:\/\/cie-comtedetoulouse.fr\/en\/home\/"},{"@type":"ListItem","position":2,"name":"Legal notice"}]},{"@type":"WebSite","@id":"https:\/\/cie-comtedetoulouse.fr\/#website","url":"https:\/\/cie-comtedetoulouse.fr\/","name":"La Compagnie du Comt\u00e9 de Toulouse","description":"Combats m\u00e9di\u00e9vaux, animations, spectacles","publisher":{"@id":"https:\/\/cie-comtedetoulouse.fr\/#organization"},"potentialAction":[{"@type":"SearchAction","target":{"@type":"EntryPoint","urlTemplate":"https:\/\/cie-comtedetoulouse.fr\/?s={search_term_string}"},"query-input":{"@type":"PropertyValueSpecification","valueRequired":true,"valueName":"search_term_string"}}],"inLanguage":"en-US"},{"@type":"Organization","@id":"https:\/\/cie-comtedetoulouse.fr\/#organization","name":"La Compagnie du Comt\u00e9 de Toulouse","url":"https:\/\/cie-comtedetoulouse.fr\/","logo":{"@type":"ImageObject","inLanguage":"en-US","@id":"https:\/\/cie-comtedetoulouse.fr\/#\/schema\/logo\/image\/","url":"https:\/\/cie-comtedetoulouse.fr\/wp-content\/uploads\/2023\/05\/compagnie-du-comte-de-toulouse-logo-1-dark.png","contentUrl":"https:\/\/cie-comtedetoulouse.fr\/wp-content\/uploads\/2023\/05\/compagnie-du-comte-de-toulouse-logo-1-dark.png","width":887,"height":422,"caption":"La Compagnie du Comt\u00e9 de Toulouse"},"image":{"@id":"https:\/\/cie-comtedetoulouse.fr\/#\/schema\/logo\/image\/"},"sameAs":["https:\/\/www.facebook.com\/Compagnieducomtedetoulouse?locale=fr_FR","https:\/\/www.instagram.com\/cieducomtedetoulouse\/"]}]}},"_links":{"self":[{"href":"https:\/\/cie-comtedetoulouse.fr\/en\/wp-json\/wp\/v2\/pages\/449","targetHints":{"allow":["GET"]}}],"collection":[{"href":"https:\/\/cie-comtedetoulouse.fr\/en\/wp-json\/wp\/v2\/pages"}],"about":[{"href":"https:\/\/cie-comtedetoulouse.fr\/en\/wp-json\/wp\/v2\/types\/page"}],"author":[{"embeddable":true,"href":"https:\/\/cie-comtedetoulouse.fr\/en\/wp-json\/wp\/v2\/users\/1"}],"replies":[{"embeddable":true,"href":"https:\/\/cie-comtedetoulouse.fr\/en\/wp-json\/wp\/v2\/comments?post=449"}],"version-history":[{"count":10,"href":"https:\/\/cie-comtedetoulouse.fr\/en\/wp-json\/wp\/v2\/pages\/449\/revisions"}],"predecessor-version":[{"id":511,"href":"https:\/\/cie-comtedetoulouse.fr\/en\/wp-json\/wp\/v2\/pages\/449\/revisions\/511"}],"wp:attachment":[{"href":"https:\/\/cie-comtedetoulouse.fr\/en\/wp-json\/wp\/v2\/media?parent=449"}],"curies":[{"name":"wp","href":"https:\/\/api.w.org\/{rel}","templated":true}]}}