{"id":455,"date":"2023-06-28T10:13:02","date_gmt":"2023-06-28T08:13:02","guid":{"rendered":"https:\/\/cie-comtedetoulouse.fr\/our-services\/"},"modified":"2023-11-14T17:44:40","modified_gmt":"2023-11-14T16:44:40","slug":"our-services","status":"publish","type":"page","link":"https:\/\/cie-comtedetoulouse.fr\/en\/our-services\/","title":{"rendered":"Our services"},"content":{"rendered":"<div class=\"wpb-content-wrapper\"><p>[vc_row padding_top_multiplier=&#8221;3x&#8221; padding_bottom_multiplier=&#8221;3x&#8221; columns_gap=&#8221;30&#8243; equal_column_height=&#8221;equal&#8221; section_id=&#8221;intro&#8221;][vc_column content_width=&#8221;75&#8243; horizontal_content_position=&#8221;center&#8221; vertical_content_position=&#8221;middle&#8221; tablet_sm_content_width=&#8221;90&#8243; mobile_content_width=&#8221;100&#8243;]<div class=\"grve-element grve-dropcap\"><p><span class=\"grve-style-1 grve-text-primary-1\">T<\/span><\/p><\/div>[vc_column_text css=&#8221;.vc_custom_1687942254489{margin-bottom: 30px !important;}&#8221;]o animate your medieval festivities or other events, we offer a whole range of interactive and immersive customised services.<\/p>\n<p>Are you organising an event? We are available to meet you at the venue of your event. <span style=\"text-decoration: underline;\"><strong>Don&#8217;t hesitate to get in touch<\/strong><\/span>. Free, personalised quotes on request.[\/vc_column_text][\/vc_column][\/vc_row][vc_row padding_top_multiplier=&#8221;&#8221; equal_column_height=&#8221;equal&#8221;][vc_column width=&#8221;1\/3&#8243; rc_bg_type=&#8221;color&#8221; rc_add_shadow=&#8221;medium-shadow&#8221; rc_bg_color=&#8221;rgba(255,255,255,0.5)&#8221;]<div class=\"grve-element grve-image grve-align-center\" style=\"margin-bottom: 5px;\">\r\n\t<div class=\"grve-image-item\">\r\n\t\t\r\n\r\n<div class=\"grve-image-wrapper grve-no-effect\">\r\n\t\t<div class=\"grve-thumbnail-wrapper\"  style=\"width: 560px;\"><div class=\"grve-thumbnail\"  style=\"padding-top: 75%;\"><img loading=\"lazy\" decoding=\"async\" width=\"560\" height=\"420\" src=\"https:\/\/cie-comtedetoulouse.fr\/wp-content\/uploads\/2023\/06\/cie-comte-toulouse-galerie-26-560x420.jpg\" class=\"attachment-impeka-grve-small-rect-horizontal size-impeka-grve-small-rect-horizontal\" alt=\"armes\" data-column-space=\"auto\" data-lazyload=\"\" data-grve-filter=\"yes\" srcset=\"https:\/\/cie-comtedetoulouse.fr\/wp-content\/uploads\/2023\/06\/cie-comte-toulouse-galerie-26-560x420.jpg 560w, https:\/\/cie-comtedetoulouse.fr\/wp-content\/uploads\/2023\/06\/cie-comte-toulouse-galerie-26-300x225.jpg 300w, https:\/\/cie-comtedetoulouse.fr\/wp-content\/uploads\/2023\/06\/cie-comte-toulouse-galerie-26-768x576.jpg 768w, https:\/\/cie-comtedetoulouse.fr\/wp-content\/uploads\/2023\/06\/cie-comte-toulouse-galerie-26.jpg 800w\" sizes=\"auto, (max-width: 560px) 100vw, 560px\" \/><\/div><\/div>\t<\/div>\r\n\t<\/div>\r\n<\/div>\r\n[vc_row_inner][vc_column_inner grve_css=&#8221;{&#8220;desktop&#8220;:{&#8220;padding-top&#8220;:&#8220;15&#8220;,&#8220;padding-right&#8220;:&#8220;15&#8220;,&#8220;padding-bottom&#8220;:&#8220;15&#8220;,&#8220;padding-left&#8220;:&#8220;15&#8220;,&#8220;class&#8220;:&#8220;grve-wpb-1687942731024&#8220;}}&#8221;]<h4 class=\"grve-element grve-title grve-align-inherit grve-h4\"><span>Camp<\/span><\/h4>[vc_column_text]Up to 5 tents and 2 shade sails, pillory photo op.[\/vc_column_text][\/vc_column_inner][\/vc_row_inner][\/vc_column][vc_column width=&#8221;1\/3&#8243; rc_bg_type=&#8221;color&#8221; rc_add_shadow=&#8221;medium-shadow&#8221; rc_bg_color=&#8221;rgba(255,255,255,0.5)&#8221;]<div class=\"grve-element grve-image grve-align-center\" style=\"margin-bottom: 5px;\">\r\n\t<div class=\"grve-image-item\">\r\n\t\t\r\n\r\n<div class=\"grve-image-wrapper grve-no-effect\">\r\n\t\t<div class=\"grve-thumbnail-wrapper\"  style=\"width: 560px;\"><div class=\"grve-thumbnail\"  style=\"padding-top: 75%;\"><img loading=\"lazy\" decoding=\"async\" width=\"560\" height=\"420\" src=\"https:\/\/cie-comtedetoulouse.fr\/wp-content\/uploads\/2023\/06\/cie-comte-toulouse-galerie-13-560x420.jpg\" class=\"attachment-impeka-grve-small-rect-horizontal size-impeka-grve-small-rect-horizontal\" alt=\"calligraphie\" data-column-space=\"auto\" data-lazyload=\"\" data-grve-filter=\"yes\" \/><\/div><\/div>\t<\/div>\r\n\t<\/div>\r\n<\/div>\r\n[vc_row_inner][vc_column_inner grve_css=&#8221;{&#8220;desktop&#8220;:{&#8220;padding-top&#8220;:&#8220;15&#8220;,&#8220;padding-right&#8220;:&#8220;15&#8220;,&#8220;padding-bottom&#8220;:&#8220;15&#8220;,&#8220;padding-left&#8220;:&#8220;15&#8220;,&#8220;class&#8220;:&#8220;grve-wpb-1687942731024&#8220;}}&#8221;]<h5 class=\"grve-element grve-title grve-align-inherit grve-h4\"><span>Calligraphy<\/span><\/h5>[vc_column_text]Demonstration, history of the different scripts, children&#8217;s workshop&#8230;[\/vc_column_text][\/vc_column_inner][\/vc_row_inner][\/vc_column][vc_column width=&#8221;1\/3&#8243; rc_bg_type=&#8221;color&#8221; rc_add_shadow=&#8221;medium-shadow&#8221; rc_bg_color=&#8221;rgba(255,255,255,0.5)&#8221;]<div class=\"grve-element grve-image grve-align-center\" style=\"margin-bottom: 5px;\">\r\n\t<div class=\"grve-image-item\">\r\n\t\t\r\n\r\n<div class=\"grve-image-wrapper grve-no-effect\">\r\n\t\t<div class=\"grve-thumbnail-wrapper\"  style=\"width: 560px;\"><div class=\"grve-thumbnail\"  style=\"padding-top: 75%;\"><img loading=\"lazy\" decoding=\"async\" width=\"560\" height=\"420\" src=\"https:\/\/cie-comtedetoulouse.fr\/wp-content\/uploads\/2023\/06\/cie-comte-toulouse-galerie-15-560x420.jpg\" class=\"attachment-impeka-grve-small-rect-horizontal size-impeka-grve-small-rect-horizontal\" alt=\"jeu\" data-column-space=\"auto\" data-lazyload=\"\" data-grve-filter=\"yes\" \/><\/div><\/div>\t<\/div>\r\n\t<\/div>\r\n<\/div>\r\n[vc_row_inner][vc_column_inner grve_css=&#8221;{&#8220;desktop&#8220;:{&#8220;padding-top&#8220;:&#8220;15&#8220;,&#8220;padding-right&#8220;:&#8220;15&#8220;,&#8220;padding-bottom&#8220;:&#8220;15&#8220;,&#8220;padding-left&#8220;:&#8220;15&#8220;,&#8220;class&#8220;:&#8220;grve-wpb-1687942731024&#8220;}}&#8221;]<h5 class=\"grve-element grve-title grve-align-inherit grve-h4\"><span>Games<\/span><\/h5>[vc_column_text]Games of skill, board games: Senet game, Merelle game, Nim game, Hnefatafl, the fox and the chickens&#8230;[\/vc_column_text][\/vc_column_inner][\/vc_row_inner][\/vc_column][\/vc_row][vc_row padding_top_multiplier=&#8221;&#8221; equal_column_height=&#8221;equal&#8221;][vc_column width=&#8221;1\/3&#8243; rc_bg_type=&#8221;color&#8221; rc_add_shadow=&#8221;medium-shadow&#8221; rc_bg_color=&#8221;rgba(255,255,255,0.5)&#8221;]<div class=\"grve-element grve-image grve-align-center\" style=\"margin-bottom: 5px;\">\r\n\t<div class=\"grve-image-item\">\r\n\t\t\r\n\r\n<div class=\"grve-image-wrapper grve-no-effect\">\r\n\t\t<div class=\"grve-thumbnail-wrapper\"  style=\"width: 560px;\"><div class=\"grve-thumbnail\"  style=\"padding-top: 75%;\"><img loading=\"lazy\" decoding=\"async\" width=\"560\" height=\"420\" src=\"https:\/\/cie-comtedetoulouse.fr\/wp-content\/uploads\/2023\/06\/cie-comte-toulouse-galerie-9-560x420.jpg\" class=\"attachment-impeka-grve-small-rect-horizontal size-impeka-grve-small-rect-horizontal\" alt=\"gants armure\" data-column-space=\"auto\" data-lazyload=\"\" data-grve-filter=\"yes\" \/><\/div><\/div>\t<\/div>\r\n\t<\/div>\r\n<\/div>\r\n[vc_row_inner][vc_column_inner grve_css=&#8221;{&#8220;desktop&#8220;:{&#8220;padding-top&#8220;:&#8220;15&#8220;,&#8220;padding-right&#8220;:&#8220;15&#8220;,&#8220;padding-bottom&#8220;:&#8220;15&#8220;,&#8220;padding-left&#8220;:&#8220;15&#8220;,&#8220;class&#8220;:&#8220;grve-wpb-1687942731024&#8220;}}&#8221;]<h4 class=\"grve-element grve-title grve-align-inherit grve-h4\"><span>Weapons stand<\/span><\/h4>[vc_column_text]Exhibitions of weapons, protective gear, helmets&#8230;[\/vc_column_text][\/vc_column_inner][\/vc_row_inner][\/vc_column][vc_column width=&#8221;1\/3&#8243; rc_bg_type=&#8221;color&#8221; rc_add_shadow=&#8221;medium-shadow&#8221; rc_bg_color=&#8221;rgba(255,255,255,0.5)&#8221;]<div class=\"grve-element grve-image grve-align-center\" style=\"margin-bottom: 5px;\">\r\n\t<div class=\"grve-image-item\">\r\n\t\t\r\n\r\n<div class=\"grve-image-wrapper grve-no-effect\">\r\n\t\t<div class=\"grve-thumbnail-wrapper\"  style=\"width: 560px;\"><div class=\"grve-thumbnail\"  style=\"padding-top: 75%;\"><img loading=\"lazy\" decoding=\"async\" width=\"560\" height=\"420\" src=\"https:\/\/cie-comtedetoulouse.fr\/wp-content\/uploads\/2023\/06\/herboriste-560x420.jpg\" class=\"attachment-impeka-grve-small-rect-horizontal size-impeka-grve-small-rect-horizontal\" alt=\"herboriste\" data-column-space=\"auto\" data-lazyload=\"\" data-grve-filter=\"yes\" srcset=\"https:\/\/cie-comtedetoulouse.fr\/wp-content\/uploads\/2023\/06\/herboriste-560x420.jpg 560w, https:\/\/cie-comtedetoulouse.fr\/wp-content\/uploads\/2023\/06\/herboriste-900x675.jpg 900w\" sizes=\"auto, (max-width: 560px) 100vw, 560px\" \/><\/div><\/div>\t<\/div>\r\n\t<\/div>\r\n<\/div>\r\n[vc_row_inner][vc_column_inner grve_css=&#8221;{&#8220;desktop&#8220;:{&#8220;padding-top&#8220;:&#8220;15&#8220;,&#8220;padding-right&#8220;:&#8220;15&#8220;,&#8220;padding-bottom&#8220;:&#8220;15&#8220;,&#8220;padding-left&#8220;:&#8220;15&#8220;,&#8220;class&#8220;:&#8220;grve-wpb-1687942731024&#8220;}}&#8221;]<h5 class=\"grve-element grve-title grve-align-inherit grve-h4\"><span>Herbalist<\/span><\/h5>[vc_column_text]Dame Achima du Ponan will introduce you to some old-fashioned remedies.[\/vc_column_text][\/vc_column_inner][\/vc_row_inner][\/vc_column][vc_column width=&#8221;1\/3&#8243; rc_bg_type=&#8221;color&#8221; rc_add_shadow=&#8221;medium-shadow&#8221; rc_bg_color=&#8221;rgba(255,255,255,0.5)&#8221;]<div class=\"grve-element grve-image grve-align-center\" style=\"margin-bottom: 5px;\">\r\n\t<div class=\"grve-image-item\">\r\n\t\t\r\n\r\n<div class=\"grve-image-wrapper grve-no-effect\">\r\n\t\t<div class=\"grve-thumbnail-wrapper\"  style=\"width: 560px;\"><div class=\"grve-thumbnail\"  style=\"padding-top: 75%;\"><img loading=\"lazy\" decoding=\"async\" width=\"560\" height=\"420\" src=\"https:\/\/cie-comtedetoulouse.fr\/wp-content\/uploads\/2023\/06\/cie-comte-toulouse-galerie-19-560x420.jpg\" class=\"attachment-impeka-grve-small-rect-horizontal size-impeka-grve-small-rect-horizontal\" alt=\"combat\" data-column-space=\"auto\" data-lazyload=\"\" data-grve-filter=\"yes\" \/><\/div><\/div>\t<\/div>\r\n\t<\/div>\r\n<\/div>\r\n[vc_row_inner][vc_column_inner grve_css=&#8221;{&#8220;desktop&#8220;:{&#8220;padding-top&#8220;:&#8220;15&#8220;,&#8220;padding-right&#8220;:&#8220;15&#8220;,&#8220;padding-bottom&#8220;:&#8220;15&#8220;,&#8220;padding-left&#8220;:&#8220;15&#8220;,&#8220;class&#8220;:&#8220;grve-wpb-1687942731024&#8220;}}&#8221;]<h5 class=\"grve-element grve-title grve-align-inherit grve-h4\"><span>Initiations<\/span><\/h5>[vc_column_text]Training courses for young knights, with knighthood and the award of a personalised diploma.[\/vc_column_text][\/vc_column_inner][\/vc_row_inner][\/vc_column][\/vc_row][vc_row padding_top_multiplier=&#8221;&#8221; equal_column_height=&#8221;equal&#8221;][vc_column width=&#8221;1\/3&#8243; rc_bg_type=&#8221;color&#8221; rc_add_shadow=&#8221;medium-shadow&#8221; rc_bg_color=&#8221;rgba(255,255,255,0.5)&#8221;]<div class=\"grve-element grve-image grve-align-center\" style=\"margin-bottom: 5px;\">\r\n\t<div class=\"grve-image-item\">\r\n\t\t\r\n\r\n<div class=\"grve-image-wrapper grve-no-effect\">\r\n\t\t<div class=\"grve-thumbnail-wrapper\"  style=\"width: 560px;\"><div class=\"grve-thumbnail\"  style=\"padding-top: 75%;\"><img loading=\"lazy\" decoding=\"async\" width=\"560\" height=\"420\" src=\"https:\/\/cie-comtedetoulouse.fr\/wp-content\/uploads\/2023\/06\/cie-comte-toulouse-galerie-16-560x420.jpg\" class=\"attachment-impeka-grve-small-rect-horizontal size-impeka-grve-small-rect-horizontal\" alt=\"combat\" data-column-space=\"auto\" data-lazyload=\"\" data-grve-filter=\"yes\" \/><\/div><\/div>\t<\/div>\r\n\t<\/div>\r\n<\/div>\r\n[vc_row_inner][vc_column_inner grve_css=&#8221;{&#8220;desktop&#8220;:{&#8220;padding-top&#8220;:&#8220;15&#8220;,&#8220;padding-right&#8220;:&#8220;15&#8220;,&#8220;padding-bottom&#8220;:&#8220;15&#8220;,&#8220;padding-left&#8220;:&#8220;15&#8220;,&#8220;class&#8220;:&#8220;grve-wpb-1687942731024&#8220;}}&#8221;]<h4 class=\"grve-element grve-title grve-align-inherit grve-h4\"><span>Fights and stunts<\/span><\/h4>[vc_column_text]Demonstration of medieval combat.[\/vc_column_text][\/vc_column_inner][\/vc_row_inner][\/vc_column][vc_column width=&#8221;1\/3&#8243; rc_bg_type=&#8221;color&#8221; rc_add_shadow=&#8221;medium-shadow&#8221; rc_bg_color=&#8221;rgba(255,255,255,0.5)&#8221;]<div class=\"grve-element grve-image grve-align-center\" style=\"margin-bottom: 5px;\">\r\n\t<div class=\"grve-image-item\">\r\n\t\t\r\n\r\n<div class=\"grve-image-wrapper grve-no-effect\">\r\n\t\t<div class=\"grve-thumbnail-wrapper\"  style=\"width: 560px;\"><div class=\"grve-thumbnail\"  style=\"padding-top: 75%;\"><img loading=\"lazy\" decoding=\"async\" width=\"560\" height=\"420\" src=\"https:\/\/cie-comtedetoulouse.fr\/wp-content\/uploads\/2023\/06\/deambulation-560x420.jpg\" class=\"attachment-impeka-grve-small-rect-horizontal size-impeka-grve-small-rect-horizontal\" alt=\"deambulation\" data-column-space=\"auto\" data-lazyload=\"\" data-grve-filter=\"yes\" srcset=\"https:\/\/cie-comtedetoulouse.fr\/wp-content\/uploads\/2023\/06\/deambulation-560x420.jpg 560w, https:\/\/cie-comtedetoulouse.fr\/wp-content\/uploads\/2023\/06\/deambulation-900x675.jpg 900w\" sizes=\"auto, (max-width: 560px) 100vw, 560px\" \/><\/div><\/div>\t<\/div>\r\n\t<\/div>\r\n<\/div>\r\n[vc_row_inner][vc_column_inner grve_css=&#8221;{&#8220;desktop&#8220;:{&#8220;padding-top&#8220;:&#8220;15&#8220;,&#8220;padding-right&#8220;:&#8220;15&#8220;,&#8220;padding-bottom&#8220;:&#8220;15&#8220;,&#8220;padding-left&#8220;:&#8220;15&#8220;,&#8220;class&#8220;:&#8220;grve-wpb-1687942731024&#8220;}}&#8221;]<h5 class=\"grve-element grve-title grve-align-inherit grve-h4\"><span>Parades<\/span><\/h5>[vc_column_text]Juggling, parade in armour&#8230; during the day and evening.[\/vc_column_text][\/vc_column_inner][\/vc_row_inner][\/vc_column][vc_column width=&#8221;1\/3&#8243; rc_bg_type=&#8221;color&#8221; rc_add_shadow=&#8221;medium-shadow&#8221; rc_bg_color=&#8221;rgba(255,255,255,0.5)&#8221;]<div class=\"grve-element grve-image grve-align-center\" style=\"margin-bottom: 5px;\">\r\n\t<div class=\"grve-image-item\">\r\n\t\t\r\n\r\n<div class=\"grve-image-wrapper grve-no-effect\">\r\n\t\t<div class=\"grve-thumbnail-wrapper\"  style=\"width: 560px;\"><div class=\"grve-thumbnail\"  style=\"padding-top: 75%;\"><img loading=\"lazy\" decoding=\"async\" width=\"560\" height=\"420\" src=\"https:\/\/cie-comtedetoulouse.fr\/wp-content\/uploads\/2023\/06\/cie-comte-toulouse-galerie-3-560x420.jpg\" class=\"attachment-impeka-grve-small-rect-horizontal size-impeka-grve-small-rect-horizontal\" alt=\"spectacle de feu\" data-column-space=\"auto\" data-lazyload=\"\" data-grve-filter=\"yes\" \/><\/div><\/div>\t<\/div>\r\n\t<\/div>\r\n<\/div>\r\n[vc_row_inner][vc_column_inner grve_css=&#8221;{&#8220;desktop&#8220;:{&#8220;padding-top&#8220;:&#8220;15&#8220;,&#8220;padding-right&#8220;:&#8220;15&#8220;,&#8220;padding-bottom&#8220;:&#8220;15&#8220;,&#8220;padding-left&#8220;:&#8220;15&#8220;,&#8220;class&#8220;:&#8220;grve-wpb-1687942731024&#8220;}}&#8221;]<h5 class=\"grve-element grve-title grve-align-inherit grve-h4\"><span>Fire shows<\/span><\/h5>[vc_column_text]Juggling, fire-eating, firefights&#8230;[\/vc_column_text][\/vc_column_inner][\/vc_row_inner][\/vc_column][\/vc_row]<\/p>\n<\/div>","protected":false},"excerpt":{"rendered":"<p>[vc_row padding_top_multiplier=&#8221;3x&#8221; padding_bottom_multiplier=&#8221;3x&#8221; columns_gap=&#8221;30&#8243; equal_column_height=&#8221;equal&#8221; section_id=&#8221;intro&#8221;][vc_column content_width=&#8221;75&#8243; horizontal_content_position=&#8221;center&#8221; vertical_content_position=&#8221;middle&#8221; tablet_sm_content_width=&#8221;90&#8243; mobile_content_width=&#8221;100&#8243;][vc_column_text css=&#8221;.vc_custom_1687942254489{margin-bottom: 30px !important;}&#8221;]o animate your medieval festivities or other events, we offer a whole range of interactive and immersive customised services. Are you organising an event? We are available to meet you at the venue of your event. Don&#8217;t hesitate to get in touch. [&hellip;]<\/p>\n","protected":false},"author":1,"featured_media":0,"parent":0,"menu_order":0,"comment_status":"closed","ping_status":"closed","template":"","meta":{"footnotes":""},"class_list":["post-455","page","type-page","status-publish","hentry","grve-entry-item"],"yoast_head":"<!-- This site is optimized with the Yoast SEO plugin v26.9 - https:\/\/yoast.com\/product\/yoast-seo-wordpress\/ -->\n<title>Our services - La Compagnie du Comt\u00e9 de Toulouse<\/title>\n<meta name=\"description\" content=\"As part of medieval festivals, we offer a whole range of interactive and immersive services: combats, fire shows, camps...\" \/>\n<meta name=\"robots\" content=\"index, follow, max-snippet:-1, max-image-preview:large, max-video-preview:-1\" \/>\n<link rel=\"canonical\" href=\"https:\/\/cie-comtedetoulouse.fr\/en\/our-services\/\" \/>\n<meta property=\"og:locale\" content=\"en_US\" \/>\n<meta property=\"og:type\" content=\"article\" \/>\n<meta property=\"og:title\" content=\"Our services - La Compagnie du Comt\u00e9 de Toulouse\" \/>\n<meta property=\"og:description\" content=\"As part of medieval festivals, we offer a whole range of interactive and immersive services: combats, fire shows, camps...\" \/>\n<meta property=\"og:url\" content=\"https:\/\/cie-comtedetoulouse.fr\/en\/our-services\/\" \/>\n<meta property=\"og:site_name\" content=\"La Compagnie du Comt\u00e9 de Toulouse\" \/>\n<meta property=\"article:publisher\" content=\"https:\/\/www.facebook.com\/Compagnieducomtedetoulouse?locale=fr_FR\" \/>\n<meta property=\"article:modified_time\" content=\"2023-11-14T16:44:40+00:00\" \/>\n<meta property=\"og:image\" content=\"https:\/\/cie-comtedetoulouse.fr\/wp-content\/uploads\/2023\/07\/casques.jpg\" \/>\n\t<meta property=\"og:image:width\" content=\"2100\" \/>\n\t<meta property=\"og:image:height\" content=\"1181\" \/>\n\t<meta property=\"og:image:type\" content=\"image\/jpeg\" \/>\n<meta name=\"twitter:card\" content=\"summary_large_image\" \/>\n<script type=\"application\/ld+json\" class=\"yoast-schema-graph\">{\"@context\":\"https:\/\/schema.org\",\"@graph\":[{\"@type\":\"WebPage\",\"@id\":\"https:\/\/cie-comtedetoulouse.fr\/en\/our-services\/\",\"url\":\"https:\/\/cie-comtedetoulouse.fr\/en\/our-services\/\",\"name\":\"Our services - La Compagnie du Comt\u00e9 de Toulouse\",\"isPartOf\":{\"@id\":\"https:\/\/cie-comtedetoulouse.fr\/#website\"},\"datePublished\":\"2023-06-28T08:13:02+00:00\",\"dateModified\":\"2023-11-14T16:44:40+00:00\",\"description\":\"As part of medieval festivals, we offer a whole range of interactive and immersive services: combats, fire shows, camps...\",\"breadcrumb\":{\"@id\":\"https:\/\/cie-comtedetoulouse.fr\/en\/our-services\/#breadcrumb\"},\"inLanguage\":\"en-US\",\"potentialAction\":[{\"@type\":\"ReadAction\",\"target\":[\"https:\/\/cie-comtedetoulouse.fr\/en\/our-services\/\"]}]},{\"@type\":\"BreadcrumbList\",\"@id\":\"https:\/\/cie-comtedetoulouse.fr\/en\/our-services\/#breadcrumb\",\"itemListElement\":[{\"@type\":\"ListItem\",\"position\":1,\"name\":\"Accueil\",\"item\":\"https:\/\/cie-comtedetoulouse.fr\/en\/home\/\"},{\"@type\":\"ListItem\",\"position\":2,\"name\":\"Our services\"}]},{\"@type\":\"WebSite\",\"@id\":\"https:\/\/cie-comtedetoulouse.fr\/#website\",\"url\":\"https:\/\/cie-comtedetoulouse.fr\/\",\"name\":\"La Compagnie du Comt\u00e9 de Toulouse\",\"description\":\"Combats m\u00e9di\u00e9vaux, animations, spectacles\",\"publisher\":{\"@id\":\"https:\/\/cie-comtedetoulouse.fr\/#organization\"},\"potentialAction\":[{\"@type\":\"SearchAction\",\"target\":{\"@type\":\"EntryPoint\",\"urlTemplate\":\"https:\/\/cie-comtedetoulouse.fr\/?s={search_term_string}\"},\"query-input\":{\"@type\":\"PropertyValueSpecification\",\"valueRequired\":true,\"valueName\":\"search_term_string\"}}],\"inLanguage\":\"en-US\"},{\"@type\":\"Organization\",\"@id\":\"https:\/\/cie-comtedetoulouse.fr\/#organization\",\"name\":\"La Compagnie du Comt\u00e9 de Toulouse\",\"url\":\"https:\/\/cie-comtedetoulouse.fr\/\",\"logo\":{\"@type\":\"ImageObject\",\"inLanguage\":\"en-US\",\"@id\":\"https:\/\/cie-comtedetoulouse.fr\/#\/schema\/logo\/image\/\",\"url\":\"https:\/\/cie-comtedetoulouse.fr\/wp-content\/uploads\/2023\/05\/compagnie-du-comte-de-toulouse-logo-1-dark.png\",\"contentUrl\":\"https:\/\/cie-comtedetoulouse.fr\/wp-content\/uploads\/2023\/05\/compagnie-du-comte-de-toulouse-logo-1-dark.png\",\"width\":887,\"height\":422,\"caption\":\"La Compagnie du Comt\u00e9 de Toulouse\"},\"image\":{\"@id\":\"https:\/\/cie-comtedetoulouse.fr\/#\/schema\/logo\/image\/\"},\"sameAs\":[\"https:\/\/www.facebook.com\/Compagnieducomtedetoulouse?locale=fr_FR\",\"https:\/\/www.instagram.com\/cieducomtedetoulouse\/\"]}]}<\/script>\n<!-- \/ Yoast SEO plugin. -->","yoast_head_json":{"title":"Our services - La Compagnie du Comt\u00e9 de Toulouse","description":"As part of medieval festivals, we offer a whole range of interactive and immersive services: combats, fire shows, camps...","robots":{"index":"index","follow":"follow","max-snippet":"max-snippet:-1","max-image-preview":"max-image-preview:large","max-video-preview":"max-video-preview:-1"},"canonical":"https:\/\/cie-comtedetoulouse.fr\/en\/our-services\/","og_locale":"en_US","og_type":"article","og_title":"Our services - La Compagnie du Comt\u00e9 de Toulouse","og_description":"As part of medieval festivals, we offer a whole range of interactive and immersive services: combats, fire shows, camps...","og_url":"https:\/\/cie-comtedetoulouse.fr\/en\/our-services\/","og_site_name":"La Compagnie du Comt\u00e9 de Toulouse","article_publisher":"https:\/\/www.facebook.com\/Compagnieducomtedetoulouse?locale=fr_FR","article_modified_time":"2023-11-14T16:44:40+00:00","og_image":[{"width":2100,"height":1181,"url":"https:\/\/cie-comtedetoulouse.fr\/wp-content\/uploads\/2023\/07\/casques.jpg","type":"image\/jpeg"}],"twitter_card":"summary_large_image","schema":{"@context":"https:\/\/schema.org","@graph":[{"@type":"WebPage","@id":"https:\/\/cie-comtedetoulouse.fr\/en\/our-services\/","url":"https:\/\/cie-comtedetoulouse.fr\/en\/our-services\/","name":"Our services - La Compagnie du Comt\u00e9 de Toulouse","isPartOf":{"@id":"https:\/\/cie-comtedetoulouse.fr\/#website"},"datePublished":"2023-06-28T08:13:02+00:00","dateModified":"2023-11-14T16:44:40+00:00","description":"As part of medieval festivals, we offer a whole range of interactive and immersive services: combats, fire shows, camps...","breadcrumb":{"@id":"https:\/\/cie-comtedetoulouse.fr\/en\/our-services\/#breadcrumb"},"inLanguage":"en-US","potentialAction":[{"@type":"ReadAction","target":["https:\/\/cie-comtedetoulouse.fr\/en\/our-services\/"]}]},{"@type":"BreadcrumbList","@id":"https:\/\/cie-comtedetoulouse.fr\/en\/our-services\/#breadcrumb","itemListElement":[{"@type":"ListItem","position":1,"name":"Accueil","item":"https:\/\/cie-comtedetoulouse.fr\/en\/home\/"},{"@type":"ListItem","position":2,"name":"Our services"}]},{"@type":"WebSite","@id":"https:\/\/cie-comtedetoulouse.fr\/#website","url":"https:\/\/cie-comtedetoulouse.fr\/","name":"La Compagnie du Comt\u00e9 de Toulouse","description":"Combats m\u00e9di\u00e9vaux, animations, spectacles","publisher":{"@id":"https:\/\/cie-comtedetoulouse.fr\/#organization"},"potentialAction":[{"@type":"SearchAction","target":{"@type":"EntryPoint","urlTemplate":"https:\/\/cie-comtedetoulouse.fr\/?s={search_term_string}"},"query-input":{"@type":"PropertyValueSpecification","valueRequired":true,"valueName":"search_term_string"}}],"inLanguage":"en-US"},{"@type":"Organization","@id":"https:\/\/cie-comtedetoulouse.fr\/#organization","name":"La Compagnie du Comt\u00e9 de Toulouse","url":"https:\/\/cie-comtedetoulouse.fr\/","logo":{"@type":"ImageObject","inLanguage":"en-US","@id":"https:\/\/cie-comtedetoulouse.fr\/#\/schema\/logo\/image\/","url":"https:\/\/cie-comtedetoulouse.fr\/wp-content\/uploads\/2023\/05\/compagnie-du-comte-de-toulouse-logo-1-dark.png","contentUrl":"https:\/\/cie-comtedetoulouse.fr\/wp-content\/uploads\/2023\/05\/compagnie-du-comte-de-toulouse-logo-1-dark.png","width":887,"height":422,"caption":"La Compagnie du Comt\u00e9 de Toulouse"},"image":{"@id":"https:\/\/cie-comtedetoulouse.fr\/#\/schema\/logo\/image\/"},"sameAs":["https:\/\/www.facebook.com\/Compagnieducomtedetoulouse?locale=fr_FR","https:\/\/www.instagram.com\/cieducomtedetoulouse\/"]}]}},"_links":{"self":[{"href":"https:\/\/cie-comtedetoulouse.fr\/en\/wp-json\/wp\/v2\/pages\/455","targetHints":{"allow":["GET"]}}],"collection":[{"href":"https:\/\/cie-comtedetoulouse.fr\/en\/wp-json\/wp\/v2\/pages"}],"about":[{"href":"https:\/\/cie-comtedetoulouse.fr\/en\/wp-json\/wp\/v2\/types\/page"}],"author":[{"embeddable":true,"href":"https:\/\/cie-comtedetoulouse.fr\/en\/wp-json\/wp\/v2\/users\/1"}],"replies":[{"embeddable":true,"href":"https:\/\/cie-comtedetoulouse.fr\/en\/wp-json\/wp\/v2\/comments?post=455"}],"version-history":[{"count":12,"href":"https:\/\/cie-comtedetoulouse.fr\/en\/wp-json\/wp\/v2\/pages\/455\/revisions"}],"predecessor-version":[{"id":693,"href":"https:\/\/cie-comtedetoulouse.fr\/en\/wp-json\/wp\/v2\/pages\/455\/revisions\/693"}],"wp:attachment":[{"href":"https:\/\/cie-comtedetoulouse.fr\/en\/wp-json\/wp\/v2\/media?parent=455"}],"curies":[{"name":"wp","href":"https:\/\/api.w.org\/{rel}","templated":true}]}}