{"id":461,"date":"2023-06-29T09:40:59","date_gmt":"2023-06-29T07:40:59","guid":{"rendered":"https:\/\/cie-comtedetoulouse.fr\/privacy-policy\/"},"modified":"2023-07-08T09:22:03","modified_gmt":"2023-07-08T07:22:03","slug":"privacy-policy","status":"publish","type":"page","link":"https:\/\/cie-comtedetoulouse.fr\/en\/privacy-policy\/","title":{"rendered":"Privacy policy"},"content":{"rendered":"<div class=\"wpb-content-wrapper\"><p>[vc_row][vc_column][vc_column_text]<strong>Use of collected personal data<\/strong><\/p>\n<p>When you fill in the contact form, we ask you to provide your name and e-mail address. This data is used to reply to you and inform you about our services.<\/p>\n<p><strong>Cookies<\/strong><\/p>\n<p>When you visit the website, we set a cookie to save your screen preferences. The lifetime of a screen option cookie is one year.<\/p>\n<p><strong>Statistics and audience metrics<\/strong><\/p>\n<p>We do not use any audience measurement tools.<\/p>\n<p><strong>Use and transfer of your personal data<\/strong><\/p>\n<p>We do not share your personal data with any third parties.<\/p>\n<p><strong>The rights you have over your data<\/strong><\/p>\n<p>You can ask to receive a file containing all the personal data we hold about you, including that which you have provided to us. You can also ask for your personal data to be deleted. This does not include data stored for administrative, legal or security purposes.<\/p>\n<p><strong>Contact information<\/strong><\/p>\n<p>If you have any queries about privacy, please contact our Data Protection Officer at the following address: contact@cie-comtedetoulouse.fr<\/p>\n<p><strong>How we protect your data<\/strong><\/p>\n<p>Your data is protected by encryption and our teams have been trained in data protection.<\/p>\n<p><strong>Procedures in the event of a data leak<\/strong><\/p>\n<p>An internal notification system has been set up in the event of a potential data leak.[\/vc_column_text][\/vc_column][\/vc_row]<\/p>\n<\/div>","protected":false},"excerpt":{"rendered":"<p>[vc_row][vc_column][vc_column_text]Use of collected personal data When you fill in the contact form, we ask you to provide your name and e-mail address. This data is used to reply to you and inform you about our services. Cookies When you visit the website, we set a cookie to save your screen preferences. The lifetime of a [&hellip;]<\/p>\n","protected":false},"author":1,"featured_media":0,"parent":0,"menu_order":0,"comment_status":"closed","ping_status":"closed","template":"","meta":{"footnotes":""},"class_list":["post-461","page","type-page","status-publish","hentry","grve-entry-item"],"yoast_head":"<!-- This site is optimized with the Yoast SEO plugin v26.9 - https:\/\/yoast.com\/product\/yoast-seo-wordpress\/ -->\n<title>Privacy policy - La Compagnie du Comt\u00e9 de Toulouse<\/title>\n<meta name=\"robots\" content=\"index, follow, max-snippet:-1, max-image-preview:large, max-video-preview:-1\" \/>\n<link rel=\"canonical\" href=\"https:\/\/cie-comtedetoulouse.fr\/en\/privacy-policy\/\" \/>\n<meta property=\"og:locale\" content=\"en_US\" \/>\n<meta property=\"og:type\" content=\"article\" \/>\n<meta property=\"og:title\" content=\"Privacy policy - La Compagnie du Comt\u00e9 de Toulouse\" \/>\n<meta property=\"og:description\" content=\"[vc_row][vc_column][vc_column_text]Use of collected personal data When you fill in the contact form, we ask you to provide your name and e-mail address. This data is used to reply to you and inform you about our services. Cookies When you visit the website, we set a cookie to save your screen preferences. The lifetime of a [&hellip;]\" \/>\n<meta property=\"og:url\" content=\"https:\/\/cie-comtedetoulouse.fr\/en\/privacy-policy\/\" \/>\n<meta property=\"og:site_name\" content=\"La Compagnie du Comt\u00e9 de Toulouse\" \/>\n<meta property=\"article:publisher\" content=\"https:\/\/www.facebook.com\/Compagnieducomtedetoulouse?locale=fr_FR\" \/>\n<meta property=\"article:modified_time\" content=\"2023-07-08T07:22:03+00:00\" \/>\n<meta property=\"og:image\" content=\"https:\/\/cie-comtedetoulouse.fr\/wp-content\/uploads\/2023\/07\/casques.jpg\" \/>\n\t<meta property=\"og:image:width\" content=\"2100\" \/>\n\t<meta property=\"og:image:height\" content=\"1181\" \/>\n\t<meta property=\"og:image:type\" content=\"image\/jpeg\" \/>\n<meta name=\"twitter:card\" content=\"summary_large_image\" \/>\n<script type=\"application\/ld+json\" class=\"yoast-schema-graph\">{\"@context\":\"https:\/\/schema.org\",\"@graph\":[{\"@type\":\"WebPage\",\"@id\":\"https:\/\/cie-comtedetoulouse.fr\/en\/privacy-policy\/\",\"url\":\"https:\/\/cie-comtedetoulouse.fr\/en\/privacy-policy\/\",\"name\":\"Privacy policy - La Compagnie du Comt\u00e9 de Toulouse\",\"isPartOf\":{\"@id\":\"https:\/\/cie-comtedetoulouse.fr\/#website\"},\"datePublished\":\"2023-06-29T07:40:59+00:00\",\"dateModified\":\"2023-07-08T07:22:03+00:00\",\"breadcrumb\":{\"@id\":\"https:\/\/cie-comtedetoulouse.fr\/en\/privacy-policy\/#breadcrumb\"},\"inLanguage\":\"en-US\",\"potentialAction\":[{\"@type\":\"ReadAction\",\"target\":[\"https:\/\/cie-comtedetoulouse.fr\/en\/privacy-policy\/\"]}]},{\"@type\":\"BreadcrumbList\",\"@id\":\"https:\/\/cie-comtedetoulouse.fr\/en\/privacy-policy\/#breadcrumb\",\"itemListElement\":[{\"@type\":\"ListItem\",\"position\":1,\"name\":\"Accueil\",\"item\":\"https:\/\/cie-comtedetoulouse.fr\/en\/home\/\"},{\"@type\":\"ListItem\",\"position\":2,\"name\":\"Privacy policy\"}]},{\"@type\":\"WebSite\",\"@id\":\"https:\/\/cie-comtedetoulouse.fr\/#website\",\"url\":\"https:\/\/cie-comtedetoulouse.fr\/\",\"name\":\"La Compagnie du Comt\u00e9 de Toulouse\",\"description\":\"Combats m\u00e9di\u00e9vaux, animations, spectacles\",\"publisher\":{\"@id\":\"https:\/\/cie-comtedetoulouse.fr\/#organization\"},\"potentialAction\":[{\"@type\":\"SearchAction\",\"target\":{\"@type\":\"EntryPoint\",\"urlTemplate\":\"https:\/\/cie-comtedetoulouse.fr\/?s={search_term_string}\"},\"query-input\":{\"@type\":\"PropertyValueSpecification\",\"valueRequired\":true,\"valueName\":\"search_term_string\"}}],\"inLanguage\":\"en-US\"},{\"@type\":\"Organization\",\"@id\":\"https:\/\/cie-comtedetoulouse.fr\/#organization\",\"name\":\"La Compagnie du Comt\u00e9 de Toulouse\",\"url\":\"https:\/\/cie-comtedetoulouse.fr\/\",\"logo\":{\"@type\":\"ImageObject\",\"inLanguage\":\"en-US\",\"@id\":\"https:\/\/cie-comtedetoulouse.fr\/#\/schema\/logo\/image\/\",\"url\":\"https:\/\/cie-comtedetoulouse.fr\/wp-content\/uploads\/2023\/05\/compagnie-du-comte-de-toulouse-logo-1-dark.png\",\"contentUrl\":\"https:\/\/cie-comtedetoulouse.fr\/wp-content\/uploads\/2023\/05\/compagnie-du-comte-de-toulouse-logo-1-dark.png\",\"width\":887,\"height\":422,\"caption\":\"La Compagnie du Comt\u00e9 de Toulouse\"},\"image\":{\"@id\":\"https:\/\/cie-comtedetoulouse.fr\/#\/schema\/logo\/image\/\"},\"sameAs\":[\"https:\/\/www.facebook.com\/Compagnieducomtedetoulouse?locale=fr_FR\",\"https:\/\/www.instagram.com\/cieducomtedetoulouse\/\"]}]}<\/script>\n<!-- \/ Yoast SEO plugin. -->","yoast_head_json":{"title":"Privacy policy - La Compagnie du Comt\u00e9 de Toulouse","robots":{"index":"index","follow":"follow","max-snippet":"max-snippet:-1","max-image-preview":"max-image-preview:large","max-video-preview":"max-video-preview:-1"},"canonical":"https:\/\/cie-comtedetoulouse.fr\/en\/privacy-policy\/","og_locale":"en_US","og_type":"article","og_title":"Privacy policy - La Compagnie du Comt\u00e9 de Toulouse","og_description":"[vc_row][vc_column][vc_column_text]Use of collected personal data When you fill in the contact form, we ask you to provide your name and e-mail address. This data is used to reply to you and inform you about our services. Cookies When you visit the website, we set a cookie to save your screen preferences. The lifetime of a [&hellip;]","og_url":"https:\/\/cie-comtedetoulouse.fr\/en\/privacy-policy\/","og_site_name":"La Compagnie du Comt\u00e9 de Toulouse","article_publisher":"https:\/\/www.facebook.com\/Compagnieducomtedetoulouse?locale=fr_FR","article_modified_time":"2023-07-08T07:22:03+00:00","og_image":[{"width":2100,"height":1181,"url":"https:\/\/cie-comtedetoulouse.fr\/wp-content\/uploads\/2023\/07\/casques.jpg","type":"image\/jpeg"}],"twitter_card":"summary_large_image","schema":{"@context":"https:\/\/schema.org","@graph":[{"@type":"WebPage","@id":"https:\/\/cie-comtedetoulouse.fr\/en\/privacy-policy\/","url":"https:\/\/cie-comtedetoulouse.fr\/en\/privacy-policy\/","name":"Privacy policy - La Compagnie du Comt\u00e9 de Toulouse","isPartOf":{"@id":"https:\/\/cie-comtedetoulouse.fr\/#website"},"datePublished":"2023-06-29T07:40:59+00:00","dateModified":"2023-07-08T07:22:03+00:00","breadcrumb":{"@id":"https:\/\/cie-comtedetoulouse.fr\/en\/privacy-policy\/#breadcrumb"},"inLanguage":"en-US","potentialAction":[{"@type":"ReadAction","target":["https:\/\/cie-comtedetoulouse.fr\/en\/privacy-policy\/"]}]},{"@type":"BreadcrumbList","@id":"https:\/\/cie-comtedetoulouse.fr\/en\/privacy-policy\/#breadcrumb","itemListElement":[{"@type":"ListItem","position":1,"name":"Accueil","item":"https:\/\/cie-comtedetoulouse.fr\/en\/home\/"},{"@type":"ListItem","position":2,"name":"Privacy policy"}]},{"@type":"WebSite","@id":"https:\/\/cie-comtedetoulouse.fr\/#website","url":"https:\/\/cie-comtedetoulouse.fr\/","name":"La Compagnie du Comt\u00e9 de Toulouse","description":"Combats m\u00e9di\u00e9vaux, animations, spectacles","publisher":{"@id":"https:\/\/cie-comtedetoulouse.fr\/#organization"},"potentialAction":[{"@type":"SearchAction","target":{"@type":"EntryPoint","urlTemplate":"https:\/\/cie-comtedetoulouse.fr\/?s={search_term_string}"},"query-input":{"@type":"PropertyValueSpecification","valueRequired":true,"valueName":"search_term_string"}}],"inLanguage":"en-US"},{"@type":"Organization","@id":"https:\/\/cie-comtedetoulouse.fr\/#organization","name":"La Compagnie du Comt\u00e9 de Toulouse","url":"https:\/\/cie-comtedetoulouse.fr\/","logo":{"@type":"ImageObject","inLanguage":"en-US","@id":"https:\/\/cie-comtedetoulouse.fr\/#\/schema\/logo\/image\/","url":"https:\/\/cie-comtedetoulouse.fr\/wp-content\/uploads\/2023\/05\/compagnie-du-comte-de-toulouse-logo-1-dark.png","contentUrl":"https:\/\/cie-comtedetoulouse.fr\/wp-content\/uploads\/2023\/05\/compagnie-du-comte-de-toulouse-logo-1-dark.png","width":887,"height":422,"caption":"La Compagnie du Comt\u00e9 de Toulouse"},"image":{"@id":"https:\/\/cie-comtedetoulouse.fr\/#\/schema\/logo\/image\/"},"sameAs":["https:\/\/www.facebook.com\/Compagnieducomtedetoulouse?locale=fr_FR","https:\/\/www.instagram.com\/cieducomtedetoulouse\/"]}]}},"_links":{"self":[{"href":"https:\/\/cie-comtedetoulouse.fr\/en\/wp-json\/wp\/v2\/pages\/461","targetHints":{"allow":["GET"]}}],"collection":[{"href":"https:\/\/cie-comtedetoulouse.fr\/en\/wp-json\/wp\/v2\/pages"}],"about":[{"href":"https:\/\/cie-comtedetoulouse.fr\/en\/wp-json\/wp\/v2\/types\/page"}],"author":[{"embeddable":true,"href":"https:\/\/cie-comtedetoulouse.fr\/en\/wp-json\/wp\/v2\/users\/1"}],"replies":[{"embeddable":true,"href":"https:\/\/cie-comtedetoulouse.fr\/en\/wp-json\/wp\/v2\/comments?post=461"}],"version-history":[{"count":4,"href":"https:\/\/cie-comtedetoulouse.fr\/en\/wp-json\/wp\/v2\/pages\/461\/revisions"}],"predecessor-version":[{"id":514,"href":"https:\/\/cie-comtedetoulouse.fr\/en\/wp-json\/wp\/v2\/pages\/461\/revisions\/514"}],"wp:attachment":[{"href":"https:\/\/cie-comtedetoulouse.fr\/en\/wp-json\/wp\/v2\/media?parent=461"}],"curies":[{"name":"wp","href":"https:\/\/api.w.org\/{rel}","templated":true}]}}