{"id":464,"date":"2023-06-28T10:26:55","date_gmt":"2023-06-28T08:26:55","guid":{"rendered":"https:\/\/cie-comtedetoulouse.fr\/about-us\/"},"modified":"2023-11-14T17:44:57","modified_gmt":"2023-11-14T16:44:57","slug":"about-us","status":"publish","type":"page","link":"https:\/\/cie-comtedetoulouse.fr\/en\/about-us\/","title":{"rendered":"About us"},"content":{"rendered":"<div class=\"wpb-content-wrapper\"><p>[vc_row padding_top_multiplier=&#8221;3x&#8221; padding_bottom_multiplier=&#8221;3x&#8221; columns_gap=&#8221;30&#8243; equal_column_height=&#8221;equal&#8221; section_id=&#8221;intro&#8221;][vc_column content_width=&#8221;75&#8243; horizontal_content_position=&#8221;center&#8221; vertical_content_position=&#8221;middle&#8221; tablet_sm_content_width=&#8221;90&#8243; mobile_content_width=&#8221;100&#8243;]<div class=\"grve-element grve-dropcap\"><p><span class=\"grve-style-1 grve-text-primary-1\">T<\/span><\/p><\/div>[vc_column_text css=&#8221;.vc_custom_1687944784785{margin-bottom: 30px !important;}&#8221;]he Compagnie du Comt\u00e9 de Toulouse, <strong>created in 2009<\/strong>, is an association under the 1901 Act. <strong>Based in Nohic<\/strong>, in the Tarn et Garonne (82), we are a troupe of fighters, jugglers and motivated people of all ages who are attracted by the Middle Ages and express themselves through the various activities on offer at our camp.<\/p>\n<p>Our camp can be integrated into any historic site!<\/p>\n<p>If you are looking for a troupe to entertain your medieval festival, <a href=\"https:\/\/cie-comtedetoulouse.fr\/en\/contact\/\"><span style=\"text-decoration: underline;\">don&#8217;t hesitate to contact us<\/span><\/a> for further information.[\/vc_column_text][\/vc_column][\/vc_row]<\/p>\n<\/div>","protected":false},"excerpt":{"rendered":"<p>[vc_row padding_top_multiplier=&#8221;3x&#8221; padding_bottom_multiplier=&#8221;3x&#8221; columns_gap=&#8221;30&#8243; equal_column_height=&#8221;equal&#8221; section_id=&#8221;intro&#8221;][vc_column content_width=&#8221;75&#8243; horizontal_content_position=&#8221;center&#8221; vertical_content_position=&#8221;middle&#8221; tablet_sm_content_width=&#8221;90&#8243; mobile_content_width=&#8221;100&#8243;][vc_column_text css=&#8221;.vc_custom_1687944784785{margin-bottom: 30px !important;}&#8221;]he Compagnie du Comt\u00e9 de Toulouse, created in 2009, is an association under the 1901 Act. Based in Nohic, in the Tarn et Garonne (82), we are a troupe of fighters, jugglers and motivated people of all ages who are attracted by [&hellip;]<\/p>\n","protected":false},"author":1,"featured_media":0,"parent":0,"menu_order":0,"comment_status":"closed","ping_status":"closed","template":"","meta":{"footnotes":""},"class_list":["post-464","page","type-page","status-publish","hentry","grve-entry-item"],"yoast_head":"<!-- This site is optimized with the Yoast SEO plugin v26.9 - https:\/\/yoast.com\/product\/yoast-seo-wordpress\/ -->\n<title>About us - La Compagnie du Comt\u00e9 de Toulouse<\/title>\n<meta name=\"description\" content=\"he Compagnie du Comt\u00e9 de Toulouse, created in 2009, is an association under the 1901 Act. based in Nohic, in the Tarn et Garonne (82). Based in Nohic, in the Tarn et Garonne (82).\" \/>\n<meta name=\"robots\" content=\"index, follow, max-snippet:-1, max-image-preview:large, max-video-preview:-1\" \/>\n<link rel=\"canonical\" href=\"https:\/\/cie-comtedetoulouse.fr\/en\/about-us\/\" \/>\n<meta property=\"og:locale\" content=\"en_US\" \/>\n<meta property=\"og:type\" content=\"article\" \/>\n<meta property=\"og:title\" content=\"About us - La Compagnie du Comt\u00e9 de Toulouse\" \/>\n<meta property=\"og:description\" content=\"he Compagnie du Comt\u00e9 de Toulouse, created in 2009, is an association under the 1901 Act. based in Nohic, in the Tarn et Garonne (82). Based in Nohic, in the Tarn et Garonne (82).\" \/>\n<meta property=\"og:url\" content=\"https:\/\/cie-comtedetoulouse.fr\/en\/about-us\/\" \/>\n<meta property=\"og:site_name\" content=\"La Compagnie du Comt\u00e9 de Toulouse\" \/>\n<meta property=\"article:publisher\" content=\"https:\/\/www.facebook.com\/Compagnieducomtedetoulouse?locale=fr_FR\" \/>\n<meta property=\"article:modified_time\" content=\"2023-11-14T16:44:57+00:00\" \/>\n<meta property=\"og:image\" content=\"https:\/\/cie-comtedetoulouse.fr\/wp-content\/uploads\/2023\/07\/casques.jpg\" \/>\n\t<meta property=\"og:image:width\" content=\"2100\" \/>\n\t<meta property=\"og:image:height\" content=\"1181\" \/>\n\t<meta property=\"og:image:type\" content=\"image\/jpeg\" \/>\n<meta name=\"twitter:card\" content=\"summary_large_image\" \/>\n<script type=\"application\/ld+json\" class=\"yoast-schema-graph\">{\"@context\":\"https:\/\/schema.org\",\"@graph\":[{\"@type\":\"WebPage\",\"@id\":\"https:\/\/cie-comtedetoulouse.fr\/en\/about-us\/\",\"url\":\"https:\/\/cie-comtedetoulouse.fr\/en\/about-us\/\",\"name\":\"About us - La Compagnie du Comt\u00e9 de Toulouse\",\"isPartOf\":{\"@id\":\"https:\/\/cie-comtedetoulouse.fr\/#website\"},\"datePublished\":\"2023-06-28T08:26:55+00:00\",\"dateModified\":\"2023-11-14T16:44:57+00:00\",\"description\":\"he Compagnie du Comt\u00e9 de Toulouse, created in 2009, is an association under the 1901 Act. based in Nohic, in the Tarn et Garonne (82). Based in Nohic, in the Tarn et Garonne (82).\",\"breadcrumb\":{\"@id\":\"https:\/\/cie-comtedetoulouse.fr\/en\/about-us\/#breadcrumb\"},\"inLanguage\":\"en-US\",\"potentialAction\":[{\"@type\":\"ReadAction\",\"target\":[\"https:\/\/cie-comtedetoulouse.fr\/en\/about-us\/\"]}]},{\"@type\":\"BreadcrumbList\",\"@id\":\"https:\/\/cie-comtedetoulouse.fr\/en\/about-us\/#breadcrumb\",\"itemListElement\":[{\"@type\":\"ListItem\",\"position\":1,\"name\":\"Accueil\",\"item\":\"https:\/\/cie-comtedetoulouse.fr\/en\/home\/\"},{\"@type\":\"ListItem\",\"position\":2,\"name\":\"About us\"}]},{\"@type\":\"WebSite\",\"@id\":\"https:\/\/cie-comtedetoulouse.fr\/#website\",\"url\":\"https:\/\/cie-comtedetoulouse.fr\/\",\"name\":\"La Compagnie du Comt\u00e9 de Toulouse\",\"description\":\"Combats m\u00e9di\u00e9vaux, animations, spectacles\",\"publisher\":{\"@id\":\"https:\/\/cie-comtedetoulouse.fr\/#organization\"},\"potentialAction\":[{\"@type\":\"SearchAction\",\"target\":{\"@type\":\"EntryPoint\",\"urlTemplate\":\"https:\/\/cie-comtedetoulouse.fr\/?s={search_term_string}\"},\"query-input\":{\"@type\":\"PropertyValueSpecification\",\"valueRequired\":true,\"valueName\":\"search_term_string\"}}],\"inLanguage\":\"en-US\"},{\"@type\":\"Organization\",\"@id\":\"https:\/\/cie-comtedetoulouse.fr\/#organization\",\"name\":\"La Compagnie du Comt\u00e9 de Toulouse\",\"url\":\"https:\/\/cie-comtedetoulouse.fr\/\",\"logo\":{\"@type\":\"ImageObject\",\"inLanguage\":\"en-US\",\"@id\":\"https:\/\/cie-comtedetoulouse.fr\/#\/schema\/logo\/image\/\",\"url\":\"https:\/\/cie-comtedetoulouse.fr\/wp-content\/uploads\/2023\/05\/compagnie-du-comte-de-toulouse-logo-1-dark.png\",\"contentUrl\":\"https:\/\/cie-comtedetoulouse.fr\/wp-content\/uploads\/2023\/05\/compagnie-du-comte-de-toulouse-logo-1-dark.png\",\"width\":887,\"height\":422,\"caption\":\"La Compagnie du Comt\u00e9 de Toulouse\"},\"image\":{\"@id\":\"https:\/\/cie-comtedetoulouse.fr\/#\/schema\/logo\/image\/\"},\"sameAs\":[\"https:\/\/www.facebook.com\/Compagnieducomtedetoulouse?locale=fr_FR\",\"https:\/\/www.instagram.com\/cieducomtedetoulouse\/\"]}]}<\/script>\n<!-- \/ Yoast SEO plugin. -->","yoast_head_json":{"title":"About us - La Compagnie du Comt\u00e9 de Toulouse","description":"he Compagnie du Comt\u00e9 de Toulouse, created in 2009, is an association under the 1901 Act. based in Nohic, in the Tarn et Garonne (82). Based in Nohic, in the Tarn et Garonne (82).","robots":{"index":"index","follow":"follow","max-snippet":"max-snippet:-1","max-image-preview":"max-image-preview:large","max-video-preview":"max-video-preview:-1"},"canonical":"https:\/\/cie-comtedetoulouse.fr\/en\/about-us\/","og_locale":"en_US","og_type":"article","og_title":"About us - La Compagnie du Comt\u00e9 de Toulouse","og_description":"he Compagnie du Comt\u00e9 de Toulouse, created in 2009, is an association under the 1901 Act. based in Nohic, in the Tarn et Garonne (82). Based in Nohic, in the Tarn et Garonne (82).","og_url":"https:\/\/cie-comtedetoulouse.fr\/en\/about-us\/","og_site_name":"La Compagnie du Comt\u00e9 de Toulouse","article_publisher":"https:\/\/www.facebook.com\/Compagnieducomtedetoulouse?locale=fr_FR","article_modified_time":"2023-11-14T16:44:57+00:00","og_image":[{"width":2100,"height":1181,"url":"https:\/\/cie-comtedetoulouse.fr\/wp-content\/uploads\/2023\/07\/casques.jpg","type":"image\/jpeg"}],"twitter_card":"summary_large_image","schema":{"@context":"https:\/\/schema.org","@graph":[{"@type":"WebPage","@id":"https:\/\/cie-comtedetoulouse.fr\/en\/about-us\/","url":"https:\/\/cie-comtedetoulouse.fr\/en\/about-us\/","name":"About us - La Compagnie du Comt\u00e9 de Toulouse","isPartOf":{"@id":"https:\/\/cie-comtedetoulouse.fr\/#website"},"datePublished":"2023-06-28T08:26:55+00:00","dateModified":"2023-11-14T16:44:57+00:00","description":"he Compagnie du Comt\u00e9 de Toulouse, created in 2009, is an association under the 1901 Act. based in Nohic, in the Tarn et Garonne (82). Based in Nohic, in the Tarn et Garonne (82).","breadcrumb":{"@id":"https:\/\/cie-comtedetoulouse.fr\/en\/about-us\/#breadcrumb"},"inLanguage":"en-US","potentialAction":[{"@type":"ReadAction","target":["https:\/\/cie-comtedetoulouse.fr\/en\/about-us\/"]}]},{"@type":"BreadcrumbList","@id":"https:\/\/cie-comtedetoulouse.fr\/en\/about-us\/#breadcrumb","itemListElement":[{"@type":"ListItem","position":1,"name":"Accueil","item":"https:\/\/cie-comtedetoulouse.fr\/en\/home\/"},{"@type":"ListItem","position":2,"name":"About us"}]},{"@type":"WebSite","@id":"https:\/\/cie-comtedetoulouse.fr\/#website","url":"https:\/\/cie-comtedetoulouse.fr\/","name":"La Compagnie du Comt\u00e9 de Toulouse","description":"Combats m\u00e9di\u00e9vaux, animations, spectacles","publisher":{"@id":"https:\/\/cie-comtedetoulouse.fr\/#organization"},"potentialAction":[{"@type":"SearchAction","target":{"@type":"EntryPoint","urlTemplate":"https:\/\/cie-comtedetoulouse.fr\/?s={search_term_string}"},"query-input":{"@type":"PropertyValueSpecification","valueRequired":true,"valueName":"search_term_string"}}],"inLanguage":"en-US"},{"@type":"Organization","@id":"https:\/\/cie-comtedetoulouse.fr\/#organization","name":"La Compagnie du Comt\u00e9 de Toulouse","url":"https:\/\/cie-comtedetoulouse.fr\/","logo":{"@type":"ImageObject","inLanguage":"en-US","@id":"https:\/\/cie-comtedetoulouse.fr\/#\/schema\/logo\/image\/","url":"https:\/\/cie-comtedetoulouse.fr\/wp-content\/uploads\/2023\/05\/compagnie-du-comte-de-toulouse-logo-1-dark.png","contentUrl":"https:\/\/cie-comtedetoulouse.fr\/wp-content\/uploads\/2023\/05\/compagnie-du-comte-de-toulouse-logo-1-dark.png","width":887,"height":422,"caption":"La Compagnie du Comt\u00e9 de Toulouse"},"image":{"@id":"https:\/\/cie-comtedetoulouse.fr\/#\/schema\/logo\/image\/"},"sameAs":["https:\/\/www.facebook.com\/Compagnieducomtedetoulouse?locale=fr_FR","https:\/\/www.instagram.com\/cieducomtedetoulouse\/"]}]}},"_links":{"self":[{"href":"https:\/\/cie-comtedetoulouse.fr\/en\/wp-json\/wp\/v2\/pages\/464","targetHints":{"allow":["GET"]}}],"collection":[{"href":"https:\/\/cie-comtedetoulouse.fr\/en\/wp-json\/wp\/v2\/pages"}],"about":[{"href":"https:\/\/cie-comtedetoulouse.fr\/en\/wp-json\/wp\/v2\/types\/page"}],"author":[{"embeddable":true,"href":"https:\/\/cie-comtedetoulouse.fr\/en\/wp-json\/wp\/v2\/users\/1"}],"replies":[{"embeddable":true,"href":"https:\/\/cie-comtedetoulouse.fr\/en\/wp-json\/wp\/v2\/comments?post=464"}],"version-history":[{"count":8,"href":"https:\/\/cie-comtedetoulouse.fr\/en\/wp-json\/wp\/v2\/pages\/464\/revisions"}],"predecessor-version":[{"id":695,"href":"https:\/\/cie-comtedetoulouse.fr\/en\/wp-json\/wp\/v2\/pages\/464\/revisions\/695"}],"wp:attachment":[{"href":"https:\/\/cie-comtedetoulouse.fr\/en\/wp-json\/wp\/v2\/media?parent=464"}],"curies":[{"name":"wp","href":"https:\/\/api.w.org\/{rel}","templated":true}]}}